{"id":111826,"date":"2025-09-08T11:54:09","date_gmt":"2025-09-08T11:54:09","guid":{"rendered":"https:\/\/testweb06.fusebbdo.gr\/product\/colette-l003ta-colette-l003tb-indoor-lighting-2\/"},"modified":"2025-11-28T12:45:35","modified_gmt":"2025-11-28T12:45:35","slug":"colette-l003ta-colette-l003tb-indoor-lighting-2","status":"publish","type":"product","link":"https:\/\/kourtis-contract.gr\/site\/en\/product\/colette-l003ta-colette-l003tb-indoor-lighting-2\/","title":{"rendered":"Colette L003"},"content":{"rendered":"<p>Colette is a table or bedside lamp that stands out for its sculptural shapes and the colour. A translucent cylinder diffuses the light only in correspondence of the half-sphere. Its transparency gives lightness to the whole lamp. It is completely made of polycarbonate, available in different colours.<\/p>\n<p>Dimensions in cm: L003TA:\u00d8 95 x \u00d8 25 x 29.5 cm L003TB: \u00d8 16 x \u00d8 42 x 49.5<\/p>\n<p>Materials: Polycarbonate frame<\/p>\n","protected":false},"excerpt":{"rendered":"<p>Colette is a table or bedside lamp that stands out for its sculptural shapes and the colour. A translucent cylinder diffuses the light only in correspondence of the half-sphere. Its transparency gives lightness to the whole lamp. It is completely made of polycarbonate, available in different colours. Dimensions in cm: L003TA:\u00d8 95 x \u00d8 25 [&hellip;]<\/p>\n","protected":false},"featured_media":88665,"template":"","meta":{"_acf_changed":false},"product_brand":[],"product_cat":[344,364,587],"product_tag":[589],"class_list":{"0":"post-111826","1":"product","2":"type-product","3":"status-publish","4":"has-post-thumbnail","6":"product_cat-indoor-en","7":"product_cat-lighting-indoor-en","8":"product_cat-table-lamps-en","9":"product_tag-indoor","10":"pa_material-synthetic-materials","11":"yith_product_brand-pedrali-en","13":"first","14":"instock","15":"shipping-taxable","16":"product-type-simple"},"acf":[],"yoast_head":"<!-- This site is optimized with the Yoast SEO plugin v26.4 - https:\/\/yoast.com\/wordpress\/plugins\/seo\/ -->\n<title>Colette L003 - Kourtis Contract<\/title>\n<meta name=\"robots\" content=\"index, follow, max-snippet:-1, max-image-preview:large, max-video-preview:-1\" \/>\n<link rel=\"canonical\" href=\"https:\/\/kourtis-contract.gr\/site\/en\/product\/colette-l003ta-colette-l003tb-indoor-lighting-2\/\" \/>\n<meta property=\"og:locale\" content=\"en_US\" \/>\n<meta property=\"og:type\" content=\"article\" \/>\n<meta property=\"og:title\" content=\"Colette L003 - Kourtis Contract\" \/>\n<meta property=\"og:description\" content=\"Colette is a table or bedside lamp that stands out for its sculptural shapes and the colour. A translucent cylinder diffuses the light only in correspondence of the half-sphere. Its transparency gives lightness to the whole lamp. It is completely made of polycarbonate, available in different colours. Dimensions in cm: L003TA:\u00d8 95 x \u00d8 25 [&hellip;]\" \/>\n<meta property=\"og:url\" content=\"https:\/\/kourtis-contract.gr\/site\/en\/product\/colette-l003ta-colette-l003tb-indoor-lighting-2\/\" \/>\n<meta property=\"og:site_name\" content=\"Kourtis Contract\" \/>\n<meta property=\"article:publisher\" content=\"https:\/\/www.facebook.com\/kourtis.contract\/\" \/>\n<meta property=\"article:modified_time\" content=\"2025-11-28T12:45:35+00:00\" \/>\n<meta property=\"og:image\" content=\"https:\/\/kourtis-contract.gr\/site\/wp-content\/uploads\/2025\/09\/Colette-Table-Lamp.webp\" \/>\n\t<meta property=\"og:image:width\" content=\"1080\" \/>\n\t<meta property=\"og:image:height\" content=\"1080\" \/>\n\t<meta property=\"og:image:type\" content=\"image\/webp\" \/>\n<meta name=\"twitter:card\" content=\"summary_large_image\" \/>\n<meta name=\"twitter:label1\" content=\"Est. reading time\" \/>\n\t<meta name=\"twitter:data1\" content=\"1 minute\" \/>\n<script type=\"application\/ld+json\" class=\"yoast-schema-graph\">{\"@context\":\"https:\/\/schema.org\",\"@graph\":[{\"@type\":\"WebPage\",\"@id\":\"https:\/\/kourtis-contract.gr\/site\/en\/product\/colette-l003ta-colette-l003tb-indoor-lighting-2\/\",\"url\":\"https:\/\/kourtis-contract.gr\/site\/en\/product\/colette-l003ta-colette-l003tb-indoor-lighting-2\/\",\"name\":\"Colette L003 - Kourtis Contract\",\"isPartOf\":{\"@id\":\"https:\/\/kourtis-contract.gr\/site\/#website\"},\"primaryImageOfPage\":{\"@id\":\"https:\/\/kourtis-contract.gr\/site\/en\/product\/colette-l003ta-colette-l003tb-indoor-lighting-2\/#primaryimage\"},\"image\":{\"@id\":\"https:\/\/kourtis-contract.gr\/site\/en\/product\/colette-l003ta-colette-l003tb-indoor-lighting-2\/#primaryimage\"},\"thumbnailUrl\":\"https:\/\/kourtis-contract.gr\/site\/wp-content\/uploads\/2025\/09\/Colette-Table-Lamp.webp\",\"datePublished\":\"2025-09-08T11:54:09+00:00\",\"dateModified\":\"2025-11-28T12:45:35+00:00\",\"breadcrumb\":{\"@id\":\"https:\/\/kourtis-contract.gr\/site\/en\/product\/colette-l003ta-colette-l003tb-indoor-lighting-2\/#breadcrumb\"},\"inLanguage\":\"en-US\",\"potentialAction\":[{\"@type\":\"ReadAction\",\"target\":[\"https:\/\/kourtis-contract.gr\/site\/en\/product\/colette-l003ta-colette-l003tb-indoor-lighting-2\/\"]}]},{\"@type\":\"ImageObject\",\"inLanguage\":\"en-US\",\"@id\":\"https:\/\/kourtis-contract.gr\/site\/en\/product\/colette-l003ta-colette-l003tb-indoor-lighting-2\/#primaryimage\",\"url\":\"https:\/\/kourtis-contract.gr\/site\/wp-content\/uploads\/2025\/09\/Colette-Table-Lamp.webp\",\"contentUrl\":\"https:\/\/kourtis-contract.gr\/site\/wp-content\/uploads\/2025\/09\/Colette-Table-Lamp.webp\",\"width\":1080,\"height\":1080,\"caption\":\"Colette L003\"},{\"@type\":\"BreadcrumbList\",\"@id\":\"https:\/\/kourtis-contract.gr\/site\/en\/product\/colette-l003ta-colette-l003tb-indoor-lighting-2\/#breadcrumb\",\"itemListElement\":[{\"@type\":\"ListItem\",\"position\":1,\"name\":\"\u0391\u03c1\u03c7\u03b9\u03ba\u03ae\",\"item\":\"https:\/\/kourtis-contract.gr\/site\/\"},{\"@type\":\"ListItem\",\"position\":2,\"name\":\"Shop\",\"item\":\"https:\/\/kourtis-contract.gr\/site\/shop\/\"},{\"@type\":\"ListItem\",\"position\":3,\"name\":\"Colette L003\"}]},{\"@type\":\"WebSite\",\"@id\":\"https:\/\/kourtis-contract.gr\/site\/#website\",\"url\":\"https:\/\/kourtis-contract.gr\/site\/\",\"name\":\"Kourtis Contract\",\"description\":\"\",\"publisher\":{\"@id\":\"https:\/\/kourtis-contract.gr\/site\/#organization\"},\"potentialAction\":[{\"@type\":\"SearchAction\",\"target\":{\"@type\":\"EntryPoint\",\"urlTemplate\":\"https:\/\/kourtis-contract.gr\/site\/?s={search_term_string}\"},\"query-input\":{\"@type\":\"PropertyValueSpecification\",\"valueRequired\":true,\"valueName\":\"search_term_string\"}}],\"inLanguage\":\"en-US\"},{\"@type\":\"Organization\",\"@id\":\"https:\/\/kourtis-contract.gr\/site\/#organization\",\"name\":\"Kourtis Contract\",\"url\":\"https:\/\/kourtis-contract.gr\/site\/\",\"logo\":{\"@type\":\"ImageObject\",\"inLanguage\":\"en-US\",\"@id\":\"https:\/\/kourtis-contract.gr\/site\/#\/schema\/logo\/image\/\",\"url\":\"https:\/\/kourtis-contract.gr\/site\/wp-content\/uploads\/2025\/07\/logo.webp\",\"contentUrl\":\"https:\/\/kourtis-contract.gr\/site\/wp-content\/uploads\/2025\/07\/logo.webp\",\"width\":1466,\"height\":119,\"caption\":\"Kourtis Contract\"},\"image\":{\"@id\":\"https:\/\/kourtis-contract.gr\/site\/#\/schema\/logo\/image\/\"},\"sameAs\":[\"https:\/\/www.facebook.com\/kourtis.contract\/\",\"https:\/\/www.instagram.com\/kourtiscontract\/\",\"https:\/\/www.pinterest.com\/?show_error=true\"]}]}<\/script>\n<!-- \/ Yoast SEO plugin. -->","yoast_head_json":{"title":"Colette L003 - Kourtis Contract","robots":{"index":"index","follow":"follow","max-snippet":"max-snippet:-1","max-image-preview":"max-image-preview:large","max-video-preview":"max-video-preview:-1"},"canonical":"https:\/\/kourtis-contract.gr\/site\/en\/product\/colette-l003ta-colette-l003tb-indoor-lighting-2\/","og_locale":"en_US","og_type":"article","og_title":"Colette L003 - Kourtis Contract","og_description":"Colette is a table or bedside lamp that stands out for its sculptural shapes and the colour. A translucent cylinder diffuses the light only in correspondence of the half-sphere. Its transparency gives lightness to the whole lamp. It is completely made of polycarbonate, available in different colours. Dimensions in cm: L003TA:\u00d8 95 x \u00d8 25 [&hellip;]","og_url":"https:\/\/kourtis-contract.gr\/site\/en\/product\/colette-l003ta-colette-l003tb-indoor-lighting-2\/","og_site_name":"Kourtis Contract","article_publisher":"https:\/\/www.facebook.com\/kourtis.contract\/","article_modified_time":"2025-11-28T12:45:35+00:00","og_image":[{"width":1080,"height":1080,"url":"https:\/\/kourtis-contract.gr\/site\/wp-content\/uploads\/2025\/09\/Colette-Table-Lamp.webp","type":"image\/webp"}],"twitter_card":"summary_large_image","twitter_misc":{"Est. reading time":"1 minute"},"schema":{"@context":"https:\/\/schema.org","@graph":[{"@type":"WebPage","@id":"https:\/\/kourtis-contract.gr\/site\/en\/product\/colette-l003ta-colette-l003tb-indoor-lighting-2\/","url":"https:\/\/kourtis-contract.gr\/site\/en\/product\/colette-l003ta-colette-l003tb-indoor-lighting-2\/","name":"Colette L003 - Kourtis Contract","isPartOf":{"@id":"https:\/\/kourtis-contract.gr\/site\/#website"},"primaryImageOfPage":{"@id":"https:\/\/kourtis-contract.gr\/site\/en\/product\/colette-l003ta-colette-l003tb-indoor-lighting-2\/#primaryimage"},"image":{"@id":"https:\/\/kourtis-contract.gr\/site\/en\/product\/colette-l003ta-colette-l003tb-indoor-lighting-2\/#primaryimage"},"thumbnailUrl":"https:\/\/kourtis-contract.gr\/site\/wp-content\/uploads\/2025\/09\/Colette-Table-Lamp.webp","datePublished":"2025-09-08T11:54:09+00:00","dateModified":"2025-11-28T12:45:35+00:00","breadcrumb":{"@id":"https:\/\/kourtis-contract.gr\/site\/en\/product\/colette-l003ta-colette-l003tb-indoor-lighting-2\/#breadcrumb"},"inLanguage":"en-US","potentialAction":[{"@type":"ReadAction","target":["https:\/\/kourtis-contract.gr\/site\/en\/product\/colette-l003ta-colette-l003tb-indoor-lighting-2\/"]}]},{"@type":"ImageObject","inLanguage":"en-US","@id":"https:\/\/kourtis-contract.gr\/site\/en\/product\/colette-l003ta-colette-l003tb-indoor-lighting-2\/#primaryimage","url":"https:\/\/kourtis-contract.gr\/site\/wp-content\/uploads\/2025\/09\/Colette-Table-Lamp.webp","contentUrl":"https:\/\/kourtis-contract.gr\/site\/wp-content\/uploads\/2025\/09\/Colette-Table-Lamp.webp","width":1080,"height":1080,"caption":"Colette L003"},{"@type":"BreadcrumbList","@id":"https:\/\/kourtis-contract.gr\/site\/en\/product\/colette-l003ta-colette-l003tb-indoor-lighting-2\/#breadcrumb","itemListElement":[{"@type":"ListItem","position":1,"name":"\u0391\u03c1\u03c7\u03b9\u03ba\u03ae","item":"https:\/\/kourtis-contract.gr\/site\/"},{"@type":"ListItem","position":2,"name":"Shop","item":"https:\/\/kourtis-contract.gr\/site\/shop\/"},{"@type":"ListItem","position":3,"name":"Colette L003"}]},{"@type":"WebSite","@id":"https:\/\/kourtis-contract.gr\/site\/#website","url":"https:\/\/kourtis-contract.gr\/site\/","name":"Kourtis Contract","description":"","publisher":{"@id":"https:\/\/kourtis-contract.gr\/site\/#organization"},"potentialAction":[{"@type":"SearchAction","target":{"@type":"EntryPoint","urlTemplate":"https:\/\/kourtis-contract.gr\/site\/?s={search_term_string}"},"query-input":{"@type":"PropertyValueSpecification","valueRequired":true,"valueName":"search_term_string"}}],"inLanguage":"en-US"},{"@type":"Organization","@id":"https:\/\/kourtis-contract.gr\/site\/#organization","name":"Kourtis Contract","url":"https:\/\/kourtis-contract.gr\/site\/","logo":{"@type":"ImageObject","inLanguage":"en-US","@id":"https:\/\/kourtis-contract.gr\/site\/#\/schema\/logo\/image\/","url":"https:\/\/kourtis-contract.gr\/site\/wp-content\/uploads\/2025\/07\/logo.webp","contentUrl":"https:\/\/kourtis-contract.gr\/site\/wp-content\/uploads\/2025\/07\/logo.webp","width":1466,"height":119,"caption":"Kourtis Contract"},"image":{"@id":"https:\/\/kourtis-contract.gr\/site\/#\/schema\/logo\/image\/"},"sameAs":["https:\/\/www.facebook.com\/kourtis.contract\/","https:\/\/www.instagram.com\/kourtiscontract\/","https:\/\/www.pinterest.com\/?show_error=true"]}]}},"_links":{"self":[{"href":"https:\/\/kourtis-contract.gr\/site\/en\/wp-json\/wp\/v2\/product\/111826","targetHints":{"allow":["GET"]}}],"collection":[{"href":"https:\/\/kourtis-contract.gr\/site\/en\/wp-json\/wp\/v2\/product"}],"about":[{"href":"https:\/\/kourtis-contract.gr\/site\/en\/wp-json\/wp\/v2\/types\/product"}],"wp:featuredmedia":[{"embeddable":true,"href":"https:\/\/kourtis-contract.gr\/site\/en\/wp-json\/wp\/v2\/media\/88665"}],"wp:attachment":[{"href":"https:\/\/kourtis-contract.gr\/site\/en\/wp-json\/wp\/v2\/media?parent=111826"}],"wp:term":[{"taxonomy":"product_brand","embeddable":true,"href":"https:\/\/kourtis-contract.gr\/site\/en\/wp-json\/wp\/v2\/product_brand?post=111826"},{"taxonomy":"product_cat","embeddable":true,"href":"https:\/\/kourtis-contract.gr\/site\/en\/wp-json\/wp\/v2\/product_cat?post=111826"},{"taxonomy":"product_tag","embeddable":true,"href":"https:\/\/kourtis-contract.gr\/site\/en\/wp-json\/wp\/v2\/product_tag?post=111826"}],"curies":[{"name":"wp","href":"https:\/\/api.w.org\/{rel}","templated":true}]}}